{"id":27,"date":"2012-12-16T15:59:48","date_gmt":"2012-12-16T13:59:48","guid":{"rendered":"http:\/\/svendberg.com\/wp\/?page_id=27"},"modified":"2021-04-28T11:14:06","modified_gmt":"2021-04-28T09:14:06","slug":"about","status":"publish","type":"page","link":"https:\/\/svendberg.com\/wp\/about\/","title":{"rendered":"Om&#8230;"},"content":{"rendered":"<p><img loading=\"lazy\" decoding=\"async\" class=\"wp-image-1323 alignleft\" src=\"http:\/\/svendberg.com\/wp\/wp-content\/uploads\/2015\/03\/Siri_mars_2015.jpg\" alt=\"Siri_mars_2015\" width=\"127\" height=\"169\" data-temp-aztec-id=\"921be036-0443-48f9-9375-72b903f6206c\" srcset=\"https:\/\/svendberg.com\/wp\/wp-content\/uploads\/2015\/03\/Siri_mars_2015.jpg 720w, https:\/\/svendberg.com\/wp\/wp-content\/uploads\/2015\/03\/Siri_mars_2015-225x300.jpg 225w, https:\/\/svendberg.com\/wp\/wp-content\/uploads\/2015\/03\/Siri_mars_2015-100x133.jpg 100w, https:\/\/svendberg.com\/wp\/wp-content\/uploads\/2015\/03\/Siri_mars_2015-150x200.jpg 150w, https:\/\/svendberg.com\/wp\/wp-content\/uploads\/2015\/03\/Siri_mars_2015-200x267.jpg 200w, https:\/\/svendberg.com\/wp\/wp-content\/uploads\/2015\/03\/Siri_mars_2015-300x400.jpg 300w, https:\/\/svendberg.com\/wp\/wp-content\/uploads\/2015\/03\/Siri_mars_2015-450x600.jpg 450w, https:\/\/svendberg.com\/wp\/wp-content\/uploads\/2015\/03\/Siri_mars_2015-600x800.jpg 600w\" sizes=\"auto, (max-width: 127px) 100vw, 127px\" \/><\/p>\n<p>Som du allerede vet s\u00e5 heter jeg Siri og bosatt i \u00d8stfold (Viken som noen idioter har tvunget oss inn i).<\/p>\n<p>Vil betrakte meg selv som en kreativ person og har en stor lidenskap for bl.a <a title=\"Musikk\" href=\"http:\/\/svendberg.com\/wp\/about\/music\/\">musikk <\/a>og <a title=\"Foto\" href=\"http:\/\/svendberg.com\/wp\/about\/pictures\/\">foto<\/a>.<\/p>\n<p>Mitt instrument er gitar, noe jeg har til felles med store deler av min familie.<br \/>\nVokste opp med masse sang og musikk i barndommen, og bringer dette videre med stolthet.<\/p>\n<p>Denne siden er det jeg vil beskrive som et hobbyprosjekt.<br \/>\nEr uf\u00f8retrygdet og da m\u00e5 jeg ha noe \u00e5 drive med p\u00e5 gode dager.<br \/>\nHar hatt denne siden i flere \u00e5r, men det har bare v\u00e6rt betjent periodevis.<\/p>\n<p>Her deler jeg ting fra eget liv, fra mine fritidsinteresser med mer.<\/p>\n<p>Skriver ogs\u00e5 mine meninger om ting og tang i samfunnet og det m\u00e5 jo v\u00e6re lov?<\/p>\n<p>H\u00e5per folk finner noe de liker her i &#8230;My place in Cyberspace.<\/p>\n<figure style=\"width: 1592px\" class=\"wp-caption alignnone\"><img loading=\"lazy\" decoding=\"async\" src=\"https:\/\/svendberg.com\/wp\/wp-content\/uploads\/2021\/04\/img_20210422_231358_9471112977926210112642.jpg\" class=\"wp-image-9369 size-full\" width=\"1592\" height=\"1990\" srcset=\"https:\/\/svendberg.com\/wp\/wp-content\/uploads\/2021\/04\/img_20210422_231358_9471112977926210112642.jpg 1592w, https:\/\/svendberg.com\/wp\/wp-content\/uploads\/2021\/04\/img_20210422_231358_9471112977926210112642-240x300.jpg 240w, https:\/\/svendberg.com\/wp\/wp-content\/uploads\/2021\/04\/img_20210422_231358_9471112977926210112642-819x1024.jpg 819w, https:\/\/svendberg.com\/wp\/wp-content\/uploads\/2021\/04\/img_20210422_231358_9471112977926210112642-768x960.jpg 768w, https:\/\/svendberg.com\/wp\/wp-content\/uploads\/2021\/04\/img_20210422_231358_9471112977926210112642-1229x1536.jpg 1229w, https:\/\/svendberg.com\/wp\/wp-content\/uploads\/2021\/04\/img_20210422_231358_9471112977926210112642-1140x1425.jpg 1140w\" sizes=\"auto, (max-width: 1592px) 100vw, 1592px\" \/><figcaption class=\"wp-caption-text\">April 2021<\/figcaption><\/figure>\n","protected":false},"excerpt":{"rendered":"<p>Som du allerede vet s\u00e5 heter jeg Siri og bosatt i \u00d8stfold (Viken som noen idioter har tvunget oss inn i). Vil betrakte meg selv som en kreativ person og har en stor lidenskap for bl.a musikk og foto. Mitt instrument er gitar, noe jeg har til felles med store deler av min familie. Vokste opp med masse sang og musikk i barndommen, og bringer dette videre med stolthet. Denne siden er det jeg vil beskrive som et hobbyprosjekt. Er uf\u00f8retrygdet og da m\u00e5 jeg ha noe \u00e5 drive med p\u00e5 gode dager. Har hatt denne siden i flere \u00e5r, men det har bare v\u00e6rt betjent periodevis. Her deler jeg ting fra eget liv, fra mine fritidsinteresser med mer. Skriver ogs\u00e5 mine meninger om ting og tang i samfunnet og det m\u00e5 jo v\u00e6re lov? H\u00e5per folk finner noe de liker her i &#8230;My place in Cyberspace.<\/p>\n","protected":false},"author":1,"featured_media":0,"parent":0,"menu_order":4,"comment_status":"closed","ping_status":"closed","template":"","meta":{"footnotes":""},"class_list":["post-27","page","type-page","status-publish","hentry"],"_links":{"self":[{"href":"https:\/\/svendberg.com\/wp\/wp-json\/wp\/v2\/pages\/27","targetHints":{"allow":["GET"]}}],"collection":[{"href":"https:\/\/svendberg.com\/wp\/wp-json\/wp\/v2\/pages"}],"about":[{"href":"https:\/\/svendberg.com\/wp\/wp-json\/wp\/v2\/types\/page"}],"author":[{"embeddable":true,"href":"https:\/\/svendberg.com\/wp\/wp-json\/wp\/v2\/users\/1"}],"replies":[{"embeddable":true,"href":"https:\/\/svendberg.com\/wp\/wp-json\/wp\/v2\/comments?post=27"}],"version-history":[{"count":19,"href":"https:\/\/svendberg.com\/wp\/wp-json\/wp\/v2\/pages\/27\/revisions"}],"predecessor-version":[{"id":9370,"href":"https:\/\/svendberg.com\/wp\/wp-json\/wp\/v2\/pages\/27\/revisions\/9370"}],"wp:attachment":[{"href":"https:\/\/svendberg.com\/wp\/wp-json\/wp\/v2\/media?parent=27"}],"curies":[{"name":"wp","href":"https:\/\/api.w.org\/{rel}","templated":true}]}}